{"id":23145,"date":"2025-01-05T16:02:04","date_gmt":"2025-01-05T15:02:04","guid":{"rendered":"https:\/\/eheleite.com\/?page_id=23145"},"modified":"2025-07-09T10:44:37","modified_gmt":"2025-07-09T08:44:37","slug":"wiedergeburt","status":"publish","type":"page","link":"https:\/\/eheleite.com\/it\/wiedergeburt","title":{"rendered":"Festa pagana della rinascita"},"content":{"rendered":"<p>Nell&#8217;anno solare di una persona e nel corso della vita, ci sono eventi che vogliamo celebrare in modo degno. Uno di questi eventi pu\u00f2 essere, ad esempio, un compleanno speciale, che si vuole ricordare anche dopo molti anni.<\/p>\n<p>Per celebrare questo giorno in modo appropriato e magico, esistono antiche usanze che oggi vengono raramente celebrate.<\/p>\n<p>In una festa pagana di rinascita, si viene simbolicamente portati nella tomba e ci si separa cos\u00ec da tutti i legami sfavorevoli, le caratteristiche negative e le cattive abitudini. In questo modo \u00e8 possibile iniziare una nuova fase della vita senza risentire di questi vecchi fardelli. Si rinasce, per cos\u00ec dire.<\/p>\n<p>Questa cerimonia sacra \u00e8 un riflesso dell&#8217;eterno ciclo della vita. L&#8217;essere, il divenire, il passare e il rinascere perpetui ci diventano familiari in questo momento.<\/p>\n<p>Gli amici e i parenti pi\u00f9 stretti fanno al neonato auguri e parole gentili per il resto della sua vita. \u00c8 una tradizione bella e interessante per ricordare le esperienze e le azioni passate e per sottolineare i tratti caratteriali particolarmente vantaggiosi.<\/p>\n<p>Volete festeggiare anche voi un compleanno importante in questo modo molto speciale?<\/p>\n<h2 class=\"bighead\"> <\/h2>\n<style>.embed-container { position: relative; padding-bottom: 56.25%; height: 0; overflow: hidden; max-width: 100%; } .embed-container iframe, .embed-container object, .embed-container embed { position: absolute; top: 0; left: 0; width: 100%; height: 100%; }<\/style>\n<div class='embed-container'><iframe src='https:\/\/player.vimeo.com\/video\/732138208?title=0&amp;byline=0&amp;portrait=0&amp;color=ff9933' frameborder='0' webkitAllowFullScreen mozallowfullscreen allowFullScreen><\/iframe><\/div>\n<p><\/p>\n<p>Offriamo la cerimonia a partire da 490,- \u20ac.<br \/>\n<br \/><a class=\"btn btn-default\" href=\"\/angebotsanfrage\" title=\"Lebensfest Angebot anfordern\">Richiedi subito un preventivo<\/a><\/p>","protected":false},"excerpt":{"rendered":"<p>Nell&#8217;anno solare di una persona e nel corso della vita, ci sono eventi che vogliamo celebrare in modo degno. Uno di questi eventi pu\u00f2 essere, ad esempio, un compleanno speciale, che si vuole ricordare anche dopo molti anni. Per celebrare questo giorno in modo appropriato e magico, esistono antiche usanze che oggi vengono raramente celebrate. [&hellip;]<\/p>\n","protected":false},"author":9,"featured_media":23154,"parent":0,"menu_order":3,"comment_status":"closed","ping_status":"closed","template":"","meta":{"footnotes":""},"class_list":["post-23145","page","type-page","status-publish","has-post-thumbnail","hentry"],"_links":{"self":[{"href":"https:\/\/eheleite.com\/it\/wp-json\/wp\/v2\/pages\/23145","targetHints":{"allow":["GET"]}}],"collection":[{"href":"https:\/\/eheleite.com\/it\/wp-json\/wp\/v2\/pages"}],"about":[{"href":"https:\/\/eheleite.com\/it\/wp-json\/wp\/v2\/types\/page"}],"author":[{"embeddable":true,"href":"https:\/\/eheleite.com\/it\/wp-json\/wp\/v2\/users\/9"}],"replies":[{"embeddable":true,"href":"https:\/\/eheleite.com\/it\/wp-json\/wp\/v2\/comments?post=23145"}],"version-history":[{"count":23,"href":"https:\/\/eheleite.com\/it\/wp-json\/wp\/v2\/pages\/23145\/revisions"}],"predecessor-version":[{"id":23575,"href":"https:\/\/eheleite.com\/it\/wp-json\/wp\/v2\/pages\/23145\/revisions\/23575"}],"wp:featuredmedia":[{"embeddable":true,"href":"https:\/\/eheleite.com\/it\/wp-json\/wp\/v2\/media\/23154"}],"wp:attachment":[{"href":"https:\/\/eheleite.com\/it\/wp-json\/wp\/v2\/media?parent=23145"}],"curies":[{"name":"wp","href":"https:\/\/api.w.org\/{rel}","templated":true}]}}