{"id":30052,"date":"2025-12-11T16:01:04","date_gmt":"2025-12-11T15:01:04","guid":{"rendered":"https:\/\/eheleite.com\/?page_id=30052"},"modified":"2026-01-07T13:22:24","modified_gmt":"2026-01-07T12:22:24","slug":"faq","status":"publish","type":"page","link":"https:\/\/eheleite.com\/it\/faq","title":{"rendered":"FAQ"},"content":{"rendered":"<p><style>#sp-ea-30249 .spcollapsing { height: 0; overflow: hidden; transition-property: height;transition-duration: 300ms;}#sp-ea-30249.sp-easy-accordion>.sp-ea-single {margin-bottom: 10px; border: 1px solid #e2e2e2; }#sp-ea-30249.sp-easy-accordion>.sp-ea-single>.ea-header a {color: #444;}#sp-ea-30249.sp-easy-accordion>.sp-ea-single>.sp-collapse>.ea-body {background: #fff; color: #444;}#sp-ea-30249.sp-easy-accordion>.sp-ea-single {background: rgba(230,149,57,0.4);}#sp-ea-30249.sp-easy-accordion>.sp-ea-single>.ea-header a .ea-expand-icon { float: left; color: #444;font-size: 16px;}<\/style><div id=\"sp_easy_accordion-1767786577\"><div id=\"sp-ea-30249\" class=\"sp-ea-one sp-easy-accordion\" data-ea-active=\"ea-click\" data-ea-mode=\"vertical\" data-preloader=\"\" data-scroll-active-item=\"\" data-offset-to-scroll=\"0\"><div class=\"ea-card ea-expand sp-ea-single\"><h3 class=\"ea-header\"><a class=\"collapsed\" id=\"ea-header-302490\" role=\"button\" data-sptoggle=\"spcollapse\" data-sptarget=\"#collapse302490\" aria-controls=\"collapse302490\" href=\"#\" aria-expanded=\"true\" tabindex=\"0\"><i aria-hidden=\"true\" role=\"presentation\" class=\"ea-expand-icon eap-icon-ea-expand-minus\"><\/i> Quali eventi offrite?<\/a><\/h3><div class=\"sp-collapse spcollapse collapsed show\" id=\"collapse302490\" data-parent=\"#sp-ea-30249\" role=\"region\" aria-labelledby=\"ea-header-302490\"> <div class=\"ea-body\"><p>Il nostro repertorio comprende cerimonie nuziali (cerimonie nuziali pagane, medievali, vichinghe, matrimoni neri), feste annuali, celebrazioni di rinascita e celebrazioni della vita.<\/p><p>Maggiori dettagli sono disponibili nella scheda \"Eventi\".<\/p><\/div><\/div><\/div><div class=\"ea-card sp-ea-single\"><h3 class=\"ea-header\"><a class=\"collapsed\" id=\"ea-header-302491\" role=\"button\" data-sptoggle=\"spcollapse\" data-sptarget=\"#collapse302491\" aria-controls=\"collapse302491\" href=\"#\" aria-expanded=\"false\" tabindex=\"0\"><i aria-hidden=\"true\" role=\"presentation\" class=\"ea-expand-icon eap-icon-ea-expand-plus\"><\/i> In che modo i matrimoni medievali, vichinghi, pagani e neri differiscono l'uno dall'altro?<\/a><\/h3><div class=\"sp-collapse spcollapse \" id=\"collapse302491\" data-parent=\"#sp-ea-30249\" role=\"region\" aria-labelledby=\"ea-header-302491\"> <div class=\"ea-body\"><p>Il vostro patto matrimoniale sar\u00e0 solennemente suggellato alla presenza degli antichi dei: questo \u00e8 un elemento fondamentale di tutti i nostri matrimoni. Le differenze risiedono nei tocchi personali: ad esempio, simboli individuali per il tempio nuziale (dal triskeles celtico al pentagramma), la vostra musica preferita o un rito di unione delle mani sul pomello di una spada secondo l'antica tradizione vichinga. Saremo lieti di mettere insieme con voi tanti piccoli pezzi del puzzle per creare il vostro matrimonio perfetto.<\/p><\/div><\/div><\/div><div class=\"ea-card sp-ea-single\"><h3 class=\"ea-header\"><a class=\"collapsed\" id=\"ea-header-302492\" role=\"button\" data-sptoggle=\"spcollapse\" data-sptarget=\"#collapse302492\" aria-controls=\"collapse302492\" href=\"#\" aria-expanded=\"false\" tabindex=\"0\"><i aria-hidden=\"true\" role=\"presentation\" class=\"ea-expand-icon eap-icon-ea-expand-plus\"><\/i> Che cos'\u00e8 una cerimonia di matrimonio pagana?<\/a><\/h3><div class=\"sp-collapse spcollapse \" id=\"collapse302492\" data-parent=\"#sp-ea-30249\" role=\"region\" aria-labelledby=\"ea-header-302492\"> <div class=\"ea-body\"><p>Una cerimonia di matrimonio (accompagnare qualcuno al matrimonio) \u00e8 il modo tradizionale di celebrare un matrimonio. Si tratta di una cerimonia nuziale festosa che incorpora antiche usanze germaniche o celtiche.<\/p><p>Maggiori informazioni al riguardo sono disponibili alla voce cerimonia di \"matrimonio pagana\".<\/p><\/div><\/div><\/div><div class=\"ea-card sp-ea-single\"><h3 class=\"ea-header\"><a class=\"collapsed\" id=\"ea-header-302493\" role=\"button\" data-sptoggle=\"spcollapse\" data-sptarget=\"#collapse302493\" aria-controls=\"collapse302493\" href=\"#\" aria-expanded=\"false\" tabindex=\"0\"><i aria-hidden=\"true\" role=\"presentation\" class=\"ea-expand-icon eap-icon-ea-expand-plus\"><\/i> Che cos'\u00e8 una cerimonia di matrimonio intimo?<\/a><\/h3><div class=\"sp-collapse spcollapse \" id=\"collapse302493\" data-parent=\"#sp-ea-30249\" role=\"region\" aria-labelledby=\"ea-header-302493\"> <div class=\"ea-body\"><p>Una cerimonia di matrimonio segreta \u00e8 un voto matrimoniale in un ambiente intimo. Gli sposi recitano le loro promesse reciproche davanti ai sacerdoti e agli dei antichi.<\/p><p>Ulteriori informazioni sono disponibili alla voce <a href=\"https:\/\/eheleite.com\/it\/eheleiten\/geheime-eheleite\" target=\"_blank\" rel=\"noopener\">matrimonio intimo<\/a>.<\/p><\/div><\/div><\/div><div class=\"ea-card sp-ea-single\"><h3 class=\"ea-header\"><a class=\"collapsed\" id=\"ea-header-302494\" role=\"button\" data-sptoggle=\"spcollapse\" data-sptarget=\"#collapse302494\" aria-controls=\"collapse302494\" href=\"#\" aria-expanded=\"false\" tabindex=\"0\"><i aria-hidden=\"true\" role=\"presentation\" class=\"ea-expand-icon eap-icon-ea-expand-plus\"><\/i> Che cos'\u00e8 l'handfasting?<\/a><\/h3><div class=\"sp-collapse spcollapse \" id=\"collapse302494\" data-parent=\"#sp-ea-30249\" role=\"region\" aria-labelledby=\"ea-header-302494\"> <div class=\"ea-body\"><p>L'Handfasting \u00e8 un antico rituale in cui gli sposi vengono uniti con un nastro speciale. Questo nastro \u00e8 realizzato appositamente per gli sposi e consacrato agli elementi naturali.<\/p><p>Maggiori informazioni sono disponibili alla voce <a href=\"https:\/\/eheleite.com\/it\/2011-08\/handfasting.html\" target=\"_blank\" rel=\"noopener\">Handfasting<\/a>.<\/p><\/div><\/div><\/div><div class=\"ea-card sp-ea-single\"><h3 class=\"ea-header\"><a class=\"collapsed\" id=\"ea-header-302495\" role=\"button\" data-sptoggle=\"spcollapse\" data-sptarget=\"#collapse302495\" aria-controls=\"collapse302495\" href=\"#\" aria-expanded=\"false\" tabindex=\"0\"><i aria-hidden=\"true\" role=\"presentation\" class=\"ea-expand-icon eap-icon-ea-expand-plus\"><\/i> Cosa sono le feste di vita pagane?<\/a><\/h3><div class=\"sp-collapse spcollapse \" id=\"collapse302495\" data-parent=\"#sp-ea-30249\" role=\"region\" aria-labelledby=\"ea-header-302495\"> <div class=\"ea-body\"><p>Le feste di vita vengono celebrate per segnare le tappe pi\u00f9 importanti della vita di una persona: una cerimonia di battesimo (battesimo pagano), una cerimonia di giovent\u00f9 (intorno ai 7 anni), una cerimonia di iniziazione alla giovent\u00f9\/rituali di iniziazione (intorno ai 14 anni) o una festa di compleanno pagana, ma anche cerimonie di morte o una cerimonia funebre pagana o cerimonie di separazione (divorzi).<\/p><p>Maggiori informazioni al riguardo sono disponibili alla voce <a href=\"https:\/\/eheleite.com\/it\/heidnische-lebensfeste\" target=\"_blank\" rel=\"noopener\">feste di vita pagane<\/a>.<\/p><\/div><\/div><\/div><div class=\"ea-card sp-ea-single\"><h3 class=\"ea-header\"><a class=\"collapsed\" id=\"ea-header-302496\" role=\"button\" data-sptoggle=\"spcollapse\" data-sptarget=\"#collapse302496\" aria-controls=\"collapse302496\" href=\"#\" aria-expanded=\"false\" tabindex=\"0\"><i aria-hidden=\"true\" role=\"presentation\" class=\"ea-expand-icon eap-icon-ea-expand-plus\"><\/i> Quanto costa un evento?<\/a><\/h3><div class=\"sp-collapse spcollapse \" id=\"collapse302496\" data-parent=\"#sp-ea-30249\" role=\"region\" aria-labelledby=\"ea-header-302496\"> <div class=\"ea-body\"><p>Il prezzo dipende dal tipo di cerimonia che fa al caso tuo. Puoi personalizzare il tuo giorno speciale. Dopo oltre 200 eventi, abbiamo tantissimi suggerimenti e idee da proporti.<\/p><p>Puoi trovare una panoramica alla voce <a href=\"https:\/\/eheleite.com\/it\/angebotsanfrage\" target=\"_blank\" rel=\"noopener\">Richiesta d'offerta<\/a>.<\/p><\/div><\/div><\/div><div class=\"ea-card sp-ea-single\"><h3 class=\"ea-header\"><a class=\"collapsed\" id=\"ea-header-302497\" role=\"button\" data-sptoggle=\"spcollapse\" data-sptarget=\"#collapse302497\" aria-controls=\"collapse302497\" href=\"#\" aria-expanded=\"false\" tabindex=\"0\"><i aria-hidden=\"true\" role=\"presentation\" class=\"ea-expand-icon eap-icon-ea-expand-plus\"><\/i> Come ci si deve vestire per una cerimonia o un matrimonio pagano?<\/a><\/h3><div class=\"sp-collapse spcollapse \" id=\"collapse302497\" data-parent=\"#sp-ea-30249\" role=\"region\" aria-labelledby=\"ea-header-302497\"> <div class=\"ea-body\"><p>Per le cerimonie pagane \u00e8 consigliabile indossare abiti medievali o tradizionali. Diversi rivenditori online aiutano uomini e donne moderni a trasformarsi in dame e nobili d'altri tempi. Chi possiede costumi tradizionali pu\u00f2 almeno avvicinarsi allo stile medievale indossandoli.<\/p><\/div><\/div><\/div><div class=\"ea-card sp-ea-single\"><h3 class=\"ea-header\"><a class=\"collapsed\" id=\"ea-header-302498\" role=\"button\" data-sptoggle=\"spcollapse\" data-sptarget=\"#collapse302498\" aria-controls=\"collapse302498\" href=\"#\" aria-expanded=\"false\" tabindex=\"0\"><i aria-hidden=\"true\" role=\"presentation\" class=\"ea-expand-icon eap-icon-ea-expand-plus\"><\/i> Qual \u00e8 il luogo pi\u00f9 adatto per una cerimonia o un matrimonio pagano?<\/a><\/h3><div class=\"sp-collapse spcollapse \" id=\"collapse302498\" data-parent=\"#sp-ea-30249\" role=\"region\" aria-labelledby=\"ea-header-302498\"> <div class=\"ea-body\"><p>Le vostre preferenze personali sono decisive nella scelta della location giusta: un antico castello, una dimora signorile o delle rovine storiche possono fornire lo sfondo perfetto per la vostra cerimonia pagana. Ma anche un luogo idilliaco all'aria aperta pu\u00f2 essere una location attraente per la vostra celebrazione. Come potete vedere, le possibilit\u00e0 sono molteplici.<\/p><\/div><\/div><\/div><\/div><\/div><br \/>\n<script type=\"application\/ld+json\">\n{\n  \"@context\": \"https:\/\/schema.org\",\n  \"@type\": \"FAQPage\",\n  \"mainEntity\": [\n    {\n      \"@type\": \"Question\",\n      \"name\": \"Quali eventi offrite?\",\n      \"acceptedAnswer\": {\n        \"@type\": \"Answer\",\n        \"text\": \"Il nostro repertorio comprende cerimonie nuziali (cerimonie nuziali pagane, medievali, vichinghe, matrimoni neri), feste annuali, celebrazioni di rinascita e celebrazioni della vita.\nMaggiori dettagli sono disponibili nella scheda 'Eventi'.\"\n      }\n    },\n    {\n      \"@type\": \"Question\",\n      \"name\": \"In che modo i matrimoni medievali, vichinghi, pagani e neri differiscono l'uno dall'altro?\",\n      \"acceptedAnswer\": {\n        \"@type\": \"Answer\",\n        \"text\": \"Il vostro patto matrimoniale sar\u00e0 solennemente suggellato alla presenza degli antichi dei: questo \u00e8 un elemento fondamentale di tutti i nostri matrimoni. Le differenze risiedono nei tocchi personali: ad esempio, simboli individuali per il tempio nuziale (dal triskeles celtico al pentagramma), la vostra musica preferita o un rito di unione delle mani sul pomello di una spada secondo l'antica tradizione vichinga. Saremo lieti di mettere insieme con voi tanti piccoli pezzi del puzzle per creare il vostro matrimonio perfetto.\"\n      }\n    },\n    {\n      \"@type\": \"Question\",\n      \"name\": \"Che cos'\u00e8 una cerimonia di matrimonio pagana?\",\n      \"acceptedAnswer\": {\n        \"@type\": \"Answer\",\n        \"text\": \"Una cerimonia di matrimonio (accompagnare qualcuno al matrimonio) \u00e8 il modo tradizionale di celebrare un matrimonio. Si tratta di una cerimonia nuziale festosa che incorpora antiche usanze germaniche o celtiche. Maggiori informazioni al riguardo sono disponibili alla voce cerimonia di 'matrimonio pagana'.\"\n      }\n    },\n    {\n      \"@type\": \"Question\",\n      \"name\": \"Che cos'\u00e8 una cerimonia di matrimonio intimo?\",\n      \"acceptedAnswer\": {\n        \"@type\": \"Answer\",\n        \"text\": \"Una cerimonia di matrimonio segreta \u00e8 un voto matrimoniale in un ambiente intimo. Gli sposi recitano le loro promesse reciproche davanti ai sacerdoti e agli dei antichi. Ulteriori informazioni sono disponibili alla voce 'matrimonio intimo'.\"\n      }\n    },\n    {\n      \"@type\": \"Question\",\n      \"name\": \"Che cos'\u00e8 l'handfasting?\",\n      \"acceptedAnswer\": {\n        \"@type\": \"Answer\",\n        \"text\": \"L'Handfasting \u00e8 un antico rituale in cui gli sposi vengono uniti con un nastro speciale. Questo nastro \u00e8 realizzato appositamente per gli sposi e consacrato agli elementi naturali. Maggiori informazioni sono disponibili alla voce 'Handfasting'.\"\n      }\n    },\n    {\n      \"@type\": \"Question\",\n      \"name\": \"Cosa sono le feste di vita pagane?\",\n      \"acceptedAnswer\": {\n        \"@type\": \"Answer\",\n        \"text\": \"Le feste di vita vengono celebrate per segnare le tappe pi\u00f9 importanti della vita di una persona: una cerimonia di battesimo (battesimo pagano), una cerimonia di giovent\u00f9 (intorno ai 7 anni), una cerimonia di iniziazione alla giovent\u00f9\/rituali di iniziazione (intorno ai 14 anni) o una festa di compleanno pagana, ma anche cerimonie di morte o una cerimonia funebre pagana o cerimonie di separazione (divorzi). Maggiori informazioni al riguardo sono disponibili alla voce 'feste di vita pagane'.\"\n      }\n    },\n    {\n      \"@type\": \"Question\",\n      \"name\": \"Quanto costa un evento?\",\n      \"acceptedAnswer\": {\n        \"@type\": \"Answer\",\n        \"text\": \"Il prezzo dipende dal tipo di cerimonia che fa al caso tuo. Puoi personalizzare il tuo giorno speciale. Dopo oltre 200 eventi, abbiamo tantissimi suggerimenti e idee da proporti.Puoi trovare una panoramica alla voce 'Richiesta d'offerta'.\"\n      }\n    },\n    {\n      \"@type\": \"Question\",\n      \"name\": \"Come ci si deve vestire per una cerimonia o un matrimonio pagano?\",\n      \"acceptedAnswer\": {\n        \"@type\": \"Answer\",\n        \"text\": \"Per le cerimonie pagane \u00e8 consigliabile indossare abiti medievali o tradizionali. Diversi rivenditori online aiutano uomini e donne moderni a trasformarsi in dame e nobili d'altri tempi. Chi possiede costumi tradizionali pu\u00f2 almeno avvicinarsi allo stile medievale indossandoli.\"\n      }\n    },\n    {\n      \"@type\": \"Question\",\n      \"name\": \"Qual \u00e8 il luogo pi\u00f9 adatto per una cerimonia o un matrimonio pagano?\",\n      \"acceptedAnswer\": {\n        \"@type\": \"Answer\",\n        \"text\": \"Le vostre preferenze personali sono decisive nella scelta della location giusta: un antico castello, una dimora signorile o delle rovine storiche possono fornire lo sfondo perfetto per la vostra cerimonia pagana. Ma anche un luogo idilliaco all'aria aperta pu\u00f2 essere una location attraente per la vostra celebrazione. Come potete vedere, le possibilit\u00e0 sono molteplici.\"\n      }\n    }\n  ]\n}\n<\/script><\/p>","protected":false},"excerpt":{"rendered":"","protected":false},"author":17,"featured_media":0,"parent":0,"menu_order":0,"comment_status":"closed","ping_status":"closed","template":"","meta":{"footnotes":""},"class_list":["post-30052","page","type-page","status-publish","hentry"],"_links":{"self":[{"href":"https:\/\/eheleite.com\/it\/wp-json\/wp\/v2\/pages\/30052","targetHints":{"allow":["GET"]}}],"collection":[{"href":"https:\/\/eheleite.com\/it\/wp-json\/wp\/v2\/pages"}],"about":[{"href":"https:\/\/eheleite.com\/it\/wp-json\/wp\/v2\/types\/page"}],"author":[{"embeddable":true,"href":"https:\/\/eheleite.com\/it\/wp-json\/wp\/v2\/users\/17"}],"replies":[{"embeddable":true,"href":"https:\/\/eheleite.com\/it\/wp-json\/wp\/v2\/comments?post=30052"}],"version-history":[{"count":14,"href":"https:\/\/eheleite.com\/it\/wp-json\/wp\/v2\/pages\/30052\/revisions"}],"predecessor-version":[{"id":30057,"href":"https:\/\/eheleite.com\/it\/wp-json\/wp\/v2\/pages\/30052\/revisions\/30057"}],"wp:attachment":[{"href":"https:\/\/eheleite.com\/it\/wp-json\/wp\/v2\/media?parent=30052"}],"curies":[{"name":"wp","href":"https:\/\/api.w.org\/{rel}","templated":true}]}}