{"id":3120,"date":"2013-07-23T16:13:08","date_gmt":"2013-07-23T14:13:08","guid":{"rendered":"http:\/\/www.eheleite.com\/?page_id=3120"},"modified":"2025-07-09T10:14:51","modified_gmt":"2025-07-09T08:14:51","slug":"hochzeitsfilm-und-photograph","status":"publish","type":"page","link":"https:\/\/eheleite.com\/it\/hochzeitsfilm-und-photograph","title":{"rendered":"Film matrimoniale e fotografo"},"content":{"rendered":"<p><\/p>\n<h2 class=\"subheading\">Video professionale del matrimonio (350,- \u20ac)<\/h2>\n<p>Siamo in grado di produrre un video\/film professionale della cerimonia di matrimonio. A tale scopo, la cerimonia nuziale viene ripresa con almeno quattro telecamere HD. In questo modo, ogni momento importante della cerimonia e dei successivi festeggiamenti (balli, taglio della torta nuziale, giocolieri, ospiti, ecc.) viene ripreso. Tagliamo e montiamo il filmato in uno studio cinematografico professionale.<\/p>\n<\/p>\n<p>Il risultato \u00e8 un film di nozze di alta qualit\u00e0 che vi verr\u00e0 consegnato su Blu-ray. Dieci Blu-ray sono inclusi, ogni Blu-ray aggiuntivo (ad esempio come regalo di ringraziamento per tutti gli invitati al matrimonio) costa 7,50 \u20ac. Su richiesta, possiamo anche registrare la cerimonia all&#8217;anagrafe su immagini in movimento e integrarle nel film del matrimonio. In questo modo si crea un ricordo indelebile del giorno pi\u00f9 bello della vostra vita.<\/p>\n<h3>Esempio di film<\/h3>\n<div class='embed-container'><iframe src='https:\/\/player.vimeo.com\/video\/1044059073' frameborder='0' webkitAllowFullScreen mozallowfullscreen allowFullScreen><\/iframe><\/div>\n<h2 class=\"subheading\">Fotografo (incluso)<\/h2>\n<figure id=\"attachment_3254\" class=\"thumbnail wp-caption alignleft\" style=\"width: 310px\"><a href=\"\/wp-content\/uploads\/2025\/01\/Photographen.jpg\" data-rel=\"lightbox-image-0\" data-rl_title=\"\" data-rl_caption=\"\" title=\"\"><img loading=\"lazy\" decoding=\"async\" src=\"\/wp-content\/uploads\/2025\/01\/Photographen.jpg\" alt=\"Photozeit mit unseren Photographen\" width=\"300\" height=\"199\" class=\"alignnone size-medium wp-image-3254\" \/><\/a><figcaption class=\"caption wp-caption-text\">Tempo di foto con i nostri fotografi<\/figcaption><\/figure>\n<p>I nostri fotografi accompagnano gli sposi dal ricevimento degli ospiti, per tutta la cerimonia e anche durante i balli successivi. I nostri fotografi sono gi\u00e0 inclusi nel prezzo di tutti i nostri pacchetti matrimonio. <\/p>\n<p>Se desiderate che i nostri fotografi scattino le foto all&#8217;ufficio anagrafe, dovrete sostenere dei costi aggiuntivi.<br \/>\nQuesti costi dipendono dal fatto che l&#8217;appuntamento all&#8217;anagrafe avvenga lo stesso giorno della cerimonia di matrimonio o il giorno precedente.<br \/>\nSe l&#8217;ufficio anagrafe e la cerimonia di matrimonio si svolgono lo stesso giorno, i costi aggiuntivi ammontano a 98 \u20ac.<\/p>\n<p><\/p>","protected":false},"excerpt":{"rendered":"<p>Video professionale del matrimonio (350,- \u20ac) Siamo in grado di produrre un video\/film professionale della cerimonia di matrimonio. A tale scopo, la cerimonia nuziale viene ripresa con almeno quattro telecamere HD. In questo modo, ogni momento importante della cerimonia e dei successivi festeggiamenti (balli, taglio della torta nuziale, giocolieri, ospiti, ecc.) viene ripreso. Tagliamo e [&hellip;]<\/p>\n","protected":false},"author":10,"featured_media":0,"parent":0,"menu_order":0,"comment_status":"closed","ping_status":"closed","template":"","meta":{"footnotes":""},"class_list":["post-3120","page","type-page","status-publish","hentry"],"_links":{"self":[{"href":"https:\/\/eheleite.com\/it\/wp-json\/wp\/v2\/pages\/3120","targetHints":{"allow":["GET"]}}],"collection":[{"href":"https:\/\/eheleite.com\/it\/wp-json\/wp\/v2\/pages"}],"about":[{"href":"https:\/\/eheleite.com\/it\/wp-json\/wp\/v2\/types\/page"}],"author":[{"embeddable":true,"href":"https:\/\/eheleite.com\/it\/wp-json\/wp\/v2\/users\/10"}],"replies":[{"embeddable":true,"href":"https:\/\/eheleite.com\/it\/wp-json\/wp\/v2\/comments?post=3120"}],"version-history":[{"count":78,"href":"https:\/\/eheleite.com\/it\/wp-json\/wp\/v2\/pages\/3120\/revisions"}],"predecessor-version":[{"id":27360,"href":"https:\/\/eheleite.com\/it\/wp-json\/wp\/v2\/pages\/3120\/revisions\/27360"}],"wp:attachment":[{"href":"https:\/\/eheleite.com\/it\/wp-json\/wp\/v2\/media?parent=3120"}],"curies":[{"name":"wp","href":"https:\/\/api.w.org\/{rel}","templated":true}]}}