{"id":49,"date":"2009-08-30T17:35:34","date_gmt":"2009-08-30T15:35:34","guid":{"rendered":"http:\/\/demo.eheleite.com\/?page_id=49"},"modified":"2025-07-09T10:34:18","modified_gmt":"2025-07-09T08:34:18","slug":"spirituelle-hochzeit","status":"publish","type":"page","link":"https:\/\/eheleite.com\/it\/eheleiten\/spirituelle-hochzeit","title":{"rendered":"Il matrimonio spirituale: un&#8217;unione per l&#8217;eternit\u00e0!"},"content":{"rendered":"<p><\/p>\n<blockquote><p>Sono UNO, sono DUE &#8211; sono NOI e IO<br \/>Io vedo te e tu vedi me!<\/p><\/blockquote>\n<p>Se queste parole vi parlano, allora conoscete la sensazione di essere spiritualmente legati a qualcuno. \u00c8 un legame invisibile ma reale che ci unisce a questa persona. \u00c8 questo sentimento di unione che rende una relazione cos\u00ec preziosa. Un legame che conserva l&#8217;amore per tutta la vita. Anche se il corpo perde il suo splendore nel corso della vita.<\/p>\n<p>Se vi sposate per il vostro profondo legame spirituale, vi consigliamo il nostro matrimonio spirituale. Perch\u00e9 questo \u00e8 il vero legame d&#8217;amore.<\/p>\n<blockquote><p>\u201eHo visto il tuo fondo, il tuo vero volto<br \/>e da quell&#8217;ora ho capito cos&#8217;\u00e8 il vero amore\u201d.\u201c<\/p><\/blockquote>\n<p>Eseguiamo questa cerimonia secondo l&#8217;antica tradizione dei nostri antenati pagani come parte di un matrimonio magico di consacrazione. In questa cerimonia si uniscono non solo i due corpi, ma anche le due scintille di vita.<\/p>\n<blockquote><p><strong>Due scintille di vita che si fondono e diventano una sola.<\/strong><\/p><\/blockquote>\n<p>Attraverso questo atto rituale, gli sposi rimangono legati anche dopo la morte. Prendono accordi in questa vita in modo da potersi incontrare di nuovo nella prossima e percorrere il cammino della vita insieme come compagni fedeli. Questo legame magico salda la coppia e protegge la compagnia consacrata. Il matrimonio spirituale \u00e8 adatto anche a matrimoni gi\u00e0 esistenti.<\/p>\n<p>Il <strong>magico matrimonio di consacrazione <\/strong> comprende:<\/p>\n<ul>\n<li>Purificazione spirituale della coppia<\/li>\n<li>Protezione magica durante la cerimonia<\/li>\n<li>La fede nuziale viene caricata con una speciale frequenza protettiva che aiuta gli sposi nei momenti difficili.<\/li>\n<li>Il tempio del matrimonio viene caricato con una speciale frequenza protettiva che assicura l&#8217;unione indisturbata della coppia al momento del matrimonio.<\/li>\n<li>Se lo si desidera, si possono caricare anche le fedi nuziali.<\/li>\n<\/ul>\n<p>Il matrimonio spirituale vero e proprio \u00e8 gi\u00e0 incluso in tutti i nostri servizi matrimoniali.<\/p>\n<p><\/p>","protected":false},"excerpt":{"rendered":"<p>Sono UNO, sono DUE &#8211; sono NOI e IOIo vedo te e tu vedi me! Se queste parole vi parlano, allora conoscete la sensazione di essere spiritualmente legati a qualcuno. \u00c8 un legame invisibile ma reale che ci unisce a questa persona. \u00c8 questo sentimento di unione che rende una relazione cos\u00ec preziosa. Un legame [&hellip;]<\/p>\n","protected":false},"author":10,"featured_media":23090,"parent":76,"menu_order":4,"comment_status":"closed","ping_status":"closed","template":"","meta":{"footnotes":""},"class_list":["post-49","page","type-page","status-publish","has-post-thumbnail","hentry"],"_links":{"self":[{"href":"https:\/\/eheleite.com\/it\/wp-json\/wp\/v2\/pages\/49","targetHints":{"allow":["GET"]}}],"collection":[{"href":"https:\/\/eheleite.com\/it\/wp-json\/wp\/v2\/pages"}],"about":[{"href":"https:\/\/eheleite.com\/it\/wp-json\/wp\/v2\/types\/page"}],"author":[{"embeddable":true,"href":"https:\/\/eheleite.com\/it\/wp-json\/wp\/v2\/users\/10"}],"replies":[{"embeddable":true,"href":"https:\/\/eheleite.com\/it\/wp-json\/wp\/v2\/comments?post=49"}],"version-history":[{"count":83,"href":"https:\/\/eheleite.com\/it\/wp-json\/wp\/v2\/pages\/49\/revisions"}],"predecessor-version":[{"id":23549,"href":"https:\/\/eheleite.com\/it\/wp-json\/wp\/v2\/pages\/49\/revisions\/23549"}],"up":[{"embeddable":true,"href":"https:\/\/eheleite.com\/it\/wp-json\/wp\/v2\/pages\/76"}],"wp:featuredmedia":[{"embeddable":true,"href":"https:\/\/eheleite.com\/it\/wp-json\/wp\/v2\/media\/23090"}],"wp:attachment":[{"href":"https:\/\/eheleite.com\/it\/wp-json\/wp\/v2\/media?parent=49"}],"curies":[{"name":"wp","href":"https:\/\/api.w.org\/{rel}","templated":true}]}}