{"id":61,"date":"2009-08-30T17:46:02","date_gmt":"2009-08-30T15:46:02","guid":{"rendered":"http:\/\/demo.eheleite.com\/?page_id=61"},"modified":"2025-07-09T10:40:35","modified_gmt":"2025-07-09T08:40:35","slug":"die-perfekte-hochzeitsfeier","status":"publish","type":"page","link":"https:\/\/eheleite.com\/it\/eheleiten\/die-perfekte-hochzeitsfeier","title":{"rendered":"Componenti supplementari"},"content":{"rendered":"<p><\/p>\n<p>Per vivere un matrimonio perfetto, occorre innanzitutto una buona pianificazione. Molti piccoli pezzi del puzzle devono essere messi insieme per creare l&#8217;immagine complessiva perfetta. E cos\u00ec, con un semplice \u201cMi vuoi&#8230;\u201d inizia un viaggio insieme che vi condurr\u00e0 al porto del matrimonio. Naturalmente, prima dovete sapere dove volete andare e in quale contesto volete celebrare questo giorno.<\/p>\n<p>Questa pianificazione e messa a punto congiunta con le nostre coppie di sposi ci fa particolarmente piacere. \u00c8 meraviglioso vedere come questo giorno prende gradualmente forma.<\/p>\n<p>E poi finalmente \u00e8 arrivato. Quel giorno speciale che avete atteso a lungo. Per noi \u00e8 sempre particolarmente bello quando organizziamo insieme a voi il resto dei festeggiamenti dopo la cerimonia pagana. Non \u00e8 solo emozionante, ma anche molto divertente.<\/p>\n<p>Le nostre <strong>danze medievali<\/strong>, in particolare, sono sempre molto apprezzate dai nostri ospiti. Anche se prima bisogna convincere l&#8217;uno o l&#8217;altro brontolone del ballo. Queste danze sono semplicemente accattivanti e garantiscono un grande divertimento sulla pista da ballo. E di norma nessuno pu\u00f2 resistere. Queste danze medievali sono spiegate da noi (attraverso dimostrazioni e partecipazione) e possono essere imparate da chiunque in pochi secondi. Le nostre danze sono adatte a tutte le generazioni, quindi vedrete presto vecchi e giovani scuotere le gambe insieme. \u00c8 uno spettacolo davvero piacevole. Ed \u00e8 anche un&#8217;ottima occasione per tutti gli ospiti di conoscersi.<\/p>\n<p>Se desiderate che la vostra celebrazione sia <strong>incorniciata da canti e suoni d&#8217;arpa<\/strong>, qui troverete anche quello che cercate. Ad esempio, potrete ascoltare la storia della coraggiosa Br\u00fcnhild al suono dell&#8217;arpa. O semplicemente godervi un degno accompagnamento per un caff\u00e8 in compagnia.<\/p>\n<p>Il momento clou di ogni serata \u00e8 la nostra <strong>danza delle fiaccole<\/strong>. Quando cala la notte, le fiaccole vengono accese insieme. Si tratta di un tipo di fiaccolata molto particolare. Tutti gli ospiti camminano insieme intorno al luogo del festival al ritmo della musica. Vengono fatti sfilare diversi simboli e ogni ospite diventa parte del tutto.<\/p>\n<p>L&#8217;oscurit\u00e0 e la luce del fuoco sono semplicemente una cosa a s\u00e9 stante. Chiunque abbia mai acceso un fuoco o si sia seduto intorno a un fal\u00f2 conosce l&#8217;atmosfera speciale che crea. Qui al nord, le persone hanno sempre venerato il fuoco perch\u00e9 fornisce luce e calore. Per tutti coloro che, come noi, non possono sottrarsi a questa magia e all&#8217;incantesimo del fuoco, consigliamo la nostra <strong>celebrazione alla fiamma<\/strong>. Gli sposi accendono il fuoco insieme e ascoltano gli antichi miti in un&#8217;atmosfera mozzafiato. A lume di candela e accanto al fuoco, le persone hanno sempre ascoltato storie e miti antichi.<\/p>\n<p>Abbiamo molti altri programmi che possiamo offrirvi. Questa pagina ha il solo scopo di darvi qualche idea. Vogliamo darvi una breve panoramica di ci\u00f2 che facciamo.<\/p>\n<p>Di seguito abbiamo raccolto per voi alcuni di questi programmi. Ci auguriamo che troviate qualcosa di vostro gradimento. <\/p>\n<p>Infine, nulla pu\u00f2 sostituire il contatto personale. Non vediamo l&#8217;ora di sentirvi. Tutti gli articoli del programma e i pacchetti aggiuntivi con i rispettivi prezzi sono disponibili sulla nostra <a href=\"\/angebotsanfrage\">pagina delle offerte<\/a>.<\/p>\n<p><a class=\"btn btn-default\" href=\"\/angebotsanfrage\" title=\"Hochzeit Angebot anfordern\">Richiedi subito un preventivo<\/a><\/p>","protected":false},"excerpt":{"rendered":"<p>Per vivere un matrimonio perfetto, occorre innanzitutto una buona pianificazione. Molti piccoli pezzi del puzzle devono essere messi insieme per creare l&#8217;immagine complessiva perfetta. E cos\u00ec, con un semplice \u201cMi vuoi&#8230;\u201d inizia un viaggio insieme che vi condurr\u00e0 al porto del matrimonio. Naturalmente, prima dovete sapere dove volete andare e in quale contesto volete celebrare [&hellip;]<\/p>\n","protected":false},"author":10,"featured_media":23088,"parent":76,"menu_order":5,"comment_status":"closed","ping_status":"closed","template":"","meta":{"footnotes":""},"class_list":["post-61","page","type-page","status-publish","has-post-thumbnail","hentry"],"_links":{"self":[{"href":"https:\/\/eheleite.com\/it\/wp-json\/wp\/v2\/pages\/61","targetHints":{"allow":["GET"]}}],"collection":[{"href":"https:\/\/eheleite.com\/it\/wp-json\/wp\/v2\/pages"}],"about":[{"href":"https:\/\/eheleite.com\/it\/wp-json\/wp\/v2\/types\/page"}],"author":[{"embeddable":true,"href":"https:\/\/eheleite.com\/it\/wp-json\/wp\/v2\/users\/10"}],"replies":[{"embeddable":true,"href":"https:\/\/eheleite.com\/it\/wp-json\/wp\/v2\/comments?post=61"}],"version-history":[{"count":150,"href":"https:\/\/eheleite.com\/it\/wp-json\/wp\/v2\/pages\/61\/revisions"}],"predecessor-version":[{"id":23547,"href":"https:\/\/eheleite.com\/it\/wp-json\/wp\/v2\/pages\/61\/revisions\/23547"}],"up":[{"embeddable":true,"href":"https:\/\/eheleite.com\/it\/wp-json\/wp\/v2\/pages\/76"}],"wp:featuredmedia":[{"embeddable":true,"href":"https:\/\/eheleite.com\/it\/wp-json\/wp\/v2\/media\/23088"}],"wp:attachment":[{"href":"https:\/\/eheleite.com\/it\/wp-json\/wp\/v2\/media?parent=61"}],"curies":[{"name":"wp","href":"https:\/\/api.w.org\/{rel}","templated":true}]}}