{"id":6643,"date":"2017-04-02T11:29:31","date_gmt":"2017-04-02T09:29:31","guid":{"rendered":"http:\/\/www.eheleite.com\/?page_id=6643"},"modified":"2025-07-09T10:24:17","modified_gmt":"2025-07-09T08:24:17","slug":"intro-text","status":"publish","type":"page","link":"https:\/\/eheleite.com\/it\/intro-text","title":{"rendered":"Da sapere"},"content":{"rendered":"<p><\/p>\n<div class=\"post-inner-content\">\n<h1>Matrimonio pagano o matrimonio medievale?<\/h1>\n<p>Avete deciso di celebrare il vostro matrimonio in stile medievale? Allora un evento unico e indimenticabile \u00e8 gi\u00e0 programmato. Tuttavia, c&#8217;\u00e8 molto a cui pensare e da pianificare in anticipo. La cerimonia nuziale di eheleite.com pu\u00f2 essere il momento pi\u00f9 festoso del vostro matrimonio medievale. Ma anche tutto l&#8217;ambiente circostante, dalla scarpa da sposa alla cena di nozze, deve essere ben considerato durante la pianificazione.<\/p>\n<h2>Il posto giusto per un matrimonio medievale: un castello, un palazzo, una foresta?<\/h2>\n<p>Se siete una coppia medievale in procinto di sposarvi, la prima cosa che probabilmente farete \u00e8 cercare un luogo adatto per il vostro grande giorno. Gi\u00e0 qui si capisce quanto siano varie le possibilit\u00e0. Antichi castelli, palazzi signorili e altri edifici storici simili sono ottimi scenari. Ma anche un borgo medievale o un luogo idilliaco in campagna pu\u00f2 essere un luogo attraente. Le preferenze personali sono determinanti e non ci sono limiti all&#8217;immaginazione.<\/p>\n<h3>Dettagli e decorazioni di un matrimonio medievale<\/h3>\n<p>Una volta trovato il luogo preferito e deciso dove giurare fedelt\u00e0 eterna, \u00e8 il momento di mettere a punto i dettagli. Una sala festiva pu\u00f2 essere decorata in stile adeguato con corni per bere, brocche e calici, candelabri intagliati, candele, torce, scudi e spade. Anche gli oggetti trovati in natura, come legno, piume, pigne o foglie colorate, possono creare un&#8217;atmosfera originale e accogliente. Le repliche di utensili medievali creano un&#8217;atmosfera speciale e trasportano gli ospiti e gli sposi indietro nel tempo. Avete deciso di organizzare un matrimonio all&#8217;aperto? Allora potreste aver bisogno di tende medievali, cesti per il fuoco, torce, panche o tavoli, a seconda di come volete allestire la vostra location.<\/p>\n<h3>Il matrimonio secondo il diritto tribale germanico<\/h3>\n<p>Le usanze e le tradizioni altomedievali vanno di pari passo con le decorazioni speciali del vostro matrimonio. Esse forniscono la cornice necessaria e danno al vostro matrimonio germanico o celtico un tocco speciale.  Nel diritto tribale germanico esistevano diverse regole e usanze su come comportarsi. Vale la pena conoscere queste usanze e tradizioni prima del matrimonio e inserirle nel programma. Forse questo \u00e8 un compito adatto a testimoni dedicati o a parenti e amici interessati? In ogni caso, \u00e8 molto divertente e di grande effetto trasferire le antiche usanze germaniche o celtiche ai giorni nostri o celebrare una festa cavalleresca. <\/p>\n<h3>Handfasting: un&#8217;antica cerimonia<\/h3>\n<p>Legare il nastro con una fede personalizzata (il cosiddetto handfasting) \u00e8 parte integrante della nostra cerimonia. Il colore, il materiale e la decorazione di questo nastro speciale rappresentano il gusto individuale di ogni coppia di sposi. Se volete saperne di pi\u00f9 su questa tradizione, date un&#8217;occhiata al nostro  <a href=\"\/2011-08\/handfasting.html\">articolo sull&#8217; handfasting<\/a>.<\/p>\n<h3>Danza e celebrazione &#8211; dal Medioevo al paganesimo<\/h3>\n<p>Ogni matrimonio ha bisogno di musica e balli! Cosa c&#8217;\u00e8 di pi\u00f9 adatto a un matrimonio medievale di una band medievale? Essi delizieranno i vostri ospiti con i suoni di cornamuse, violini e shawm. Ad esempio, i menestrelli del gruppo <a href=\"http:\/\/www.cartagena-band.de\/#\" target=\"_blank\" rel=\"noopener\">Cartagena<\/a> o i menestrelli <a href=\"https:\/\/www.ohrenpeyn.de\/\" target=\"_blank\" rel=\"noopener\">Ohrenpeyn<\/a> creeranno un&#8217;atmosfera allegra al vostro ricevimento di nozze. Le danze medievali di eheleite.com offrono un&#8217;alternativa o un&#8217;aggiunta autentica ai balli da discoteca con DJ. \u00c8 molto divertente imparare le semplici sequenze di passi con tutta la festa di nozze. Un momento mistico e suggestivo per le ore pi\u00f9 tarde pu\u00f2 essere la danza delle torce con eheleite.com.<br \/>\nAnche le nostre signore delle erbe del <a href=\"https:\/\/www.facebook.com\/people\/Evas-Kr%C3%A4uterwelt\/100062959974351\/\" target=\"_blank\" rel=\"noopener\">mondo di erbe di Eva<\/a>, saranno liete di chiacchierare con voi e i vostri ospiti. Vi daranno consigli e vi sveleranno molti segreti erboristici. Gli utili rimedi magici dell&#8217;orto di casa suscitano sempre la curiosit\u00e0 degli ospiti.<\/p>\n<p>Anche giocolieri, sputafuoco, giullari e maghi possono intrattenere ed entusiasmare i vostri ospiti. Anche gli spettacoli di combattimento o le visite organizzate al castello assicurano una festa variegata.<\/p>\n<h3>Abbigliamento appropriato per un matrimonio medievale<\/h3>\n<p>Volete presentarvi a un matrimonio medievale con un abito appropriato. Diversi fornitori su Internet aiutano uomini e donne di oggi a diventare le dame e i nobili di un tempo. Che si tratti di una damigella del castello o di una donna di mercato, di un cavaliere o di un signore del maniero, potete trovare il costume adatto ai vostri gusti personali. Un&#8217;alternativa all&#8217;acquisto \u00e8 il noleggio di costumi. Se possedete costumi tradizionali, potete almeno avvicinarvi allo stile medievale.<\/p>\n<\/p>\n<p>Come potete vedere, le possibilit\u00e0 di creare il perfetto matrimonio medievale personalizzato sono quasi infinite. Eheleite.com augura a tutte le coppie di sposi di divertirsi a pianificare e festeggiare!<\/p>\n<\/div>\n<p><\/p>","protected":false},"excerpt":{"rendered":"<p>Matrimonio pagano o matrimonio medievale? Avete deciso di celebrare il vostro matrimonio in stile medievale? Allora un evento unico e indimenticabile \u00e8 gi\u00e0 programmato. Tuttavia, c&#8217;\u00e8 molto a cui pensare e da pianificare in anticipo. La cerimonia nuziale di eheleite.com pu\u00f2 essere il momento pi\u00f9 festoso del vostro matrimonio medievale. Ma anche tutto l&#8217;ambiente circostante, [&hellip;]<\/p>\n","protected":false},"author":10,"featured_media":1378,"parent":0,"menu_order":0,"comment_status":"closed","ping_status":"closed","template":"","meta":{"footnotes":""},"class_list":["post-6643","page","type-page","status-publish","has-post-thumbnail","hentry"],"_links":{"self":[{"href":"https:\/\/eheleite.com\/it\/wp-json\/wp\/v2\/pages\/6643","targetHints":{"allow":["GET"]}}],"collection":[{"href":"https:\/\/eheleite.com\/it\/wp-json\/wp\/v2\/pages"}],"about":[{"href":"https:\/\/eheleite.com\/it\/wp-json\/wp\/v2\/types\/page"}],"author":[{"embeddable":true,"href":"https:\/\/eheleite.com\/it\/wp-json\/wp\/v2\/users\/10"}],"replies":[{"embeddable":true,"href":"https:\/\/eheleite.com\/it\/wp-json\/wp\/v2\/comments?post=6643"}],"version-history":[{"count":34,"href":"https:\/\/eheleite.com\/it\/wp-json\/wp\/v2\/pages\/6643\/revisions"}],"predecessor-version":[{"id":23443,"href":"https:\/\/eheleite.com\/it\/wp-json\/wp\/v2\/pages\/6643\/revisions\/23443"}],"wp:featuredmedia":[{"embeddable":true,"href":"https:\/\/eheleite.com\/it\/wp-json\/wp\/v2\/media\/1378"}],"wp:attachment":[{"href":"https:\/\/eheleite.com\/it\/wp-json\/wp\/v2\/media?parent=6643"}],"curies":[{"name":"wp","href":"https:\/\/api.w.org\/{rel}","templated":true}]}}