{"id":930,"date":"2010-11-11T14:49:16","date_gmt":"2010-11-11T13:49:16","guid":{"rendered":"http:\/\/www.eheleite.com\/wir-uber-uns"},"modified":"2025-07-08T16:13:05","modified_gmt":"2025-07-08T14:13:05","slug":"ueber-uns","status":"publish","type":"page","link":"https:\/\/eheleite.com\/it\/ueber-uns","title":{"rendered":"Chi siamo &#8211; come tutto \u00e8 cominciato"},"content":{"rendered":"<p><\/p>\n<p><img loading=\"lazy\" decoding=\"async\" src=\"\/wp-content\/uploads\/2010\/11\/35Hochzeitsgesellschaft_Teil2.jpg\" alt=\"Eheleite.com Truppe\" width=\"661\" height=\"440\" class=\"alignnone size-full wp-image-2749\" srcset=\"https:\/\/eheleite.com\/wp-content\/uploads\/2010\/11\/35Hochzeitsgesellschaft_Teil2.jpg 661w, https:\/\/eheleite.com\/wp-content\/uploads\/2010\/11\/35Hochzeitsgesellschaft_Teil2-300x199.jpg 300w\" sizes=\"auto, (max-width: 661px) 100vw, 661px\" \/><\/p>\n<p>\n    Spesso ci viene chiesto come ci siamo trovati e come siamo arrivati a come siamo arrivati a offrire matrimoni e cerimonie pagane offerta.\n<\/p>\n<p>\n    La risposta a questa domanda \u00e8 abbastanza semplice: perch\u00e9 prima c&#8217;\u00e8 stata la nostra amicizia e poi eheleite.com. Eheleite.com \u00e8 quindi il simbolo simboleggia la nostra amicizia di lunga data e il nostro comune interesse per il interesse per le conoscenze tradizionali e originali dei nostri antenati. Ma soprattutto ci unisce la vicinanza alla natura e l&#8217;entusiasmo per la bellezza e la diversit\u00e0 della Madre Terra. E sebbene siamo tutti molto diversi, questo interesse comune ci lega da decenni.\n<\/p>\n<p>\n    La storia di eheleite.com \u00e8 iniziata nel 2006, quando una coppia di amici ha annunciato che si sarebbero sposati. Volevamo fare ai nostri amici un regalo molto speciale, cos\u00ec ci \u00e8 venuta l&#8217;idea di sorprenderli con una cerimonia nuziale pagana. Abbiamo scelto un luogo nella natura che sapevamo essere molto importante per i nostri amici.\n<\/p>\n<p>\n   Qui, in mezzo alla natura, abbiamo celebrato gli antichi riti e sposato i nostri amici. nostri amici nel vincolo del matrimonio. La sorpresa \u00e8 stata una vera sorpresa, perch\u00e9 i nostri sposi erano profondamente commossi dalla cerimonia. Ma anche noi amici eravamo cos\u00ec commossi che ognuno di noi in quel momento sapeva sapeva: \u201cVoglio sposarmi cos\u00ec!\u201d.\n<\/p>\n<p>\n    E naturalmente \u00e8 quello che \u00e8 successo. 3 matrimoni dopo, abbiamo avuto l&#8217;idea di idea di organizzare questa cerimonia non solo per i nostri amici, ma anche per le persone che<br \/>\nper le persone che, come noi, vogliono unirsi in matrimonio secondo l&#8217;antica tradizione. un&#8217;unione di vita proprio come noi.<\/p>\n<p>\n    Cos\u00ec \u00e8 nato eheleite.com. Da allora, da 18 anni a questa parte, viaggiamo attraverso la Germania, l&#8217;Austria e la Svizzera per sposare persone vicine alla natura. O per celebrare con loro le feste della vita o le ricorrenze annuali. Siamo molto grati per queste esperienze, perch\u00e9 come dice il proverbio: \u201cI viaggiatori hanno storie da raccontare\u201d.\n<\/p>\n<p>\n    Da allora sono successe molte cose. Non solo il nostro repertorio di offerte e oggetti di scena si \u00e8 ampliato, ma anche il numero dei nostri amici. Durante i nostri viaggi abbiamo incontrato molti nuovi amici e compagni. E cos\u00ec siamo sparsi in tutta la Germania, l&#8217;Austria e la Svizzera. Tuttavia, la maggior parte della nostra cerchia di amici proviene dall&#8217;area di Berlino.\n<\/p>\n<p>\n    Per questo di solito ci rechiamo a un evento con 20-30 persone. Quindi non allarmatevi, perch\u00e9 noi esistiamo solo in branco \ud83d\ude09\n<\/p>\n<p>\n    I costi che addebitiamo sono prezzi di costo puro. E se siamo onesti, di solito i costi non coprono nemmeno le spese di viaggio per tutti noi. Ma non \u00e8 questo il nostro scopo. Vogliamo celebrare le nostre feste con persone che la pensano come noi e conoscere nuove persone e luoghi.<\/p>\n<p>\n    La nostra ricetta per il successo \u00e8 semplice: la nostra amicizia, la nostra solidariet\u00e0 e la nostra indicibile gioia in ci\u00f2 che facciamo. Perch\u00e9 la motivazione e l&#8217;impegno non si possono comprare.\n<\/p>\n<p>\n    Questa \u00e8 la nostra storia. Forse un giorno ci conosceremo e sentiremo la vostra storia.\n<\/p>\n<p>\n    In ogni caso, siamo entusiasti.\n<\/p>\n<p>\n    Con queste premesse, eheleite.com vi d\u00e0 il benvenuto\n<\/p>\n<p><\/p>","protected":false},"excerpt":{"rendered":"<p>Spesso ci viene chiesto come ci siamo trovati e come siamo arrivati a come siamo arrivati a offrire matrimoni e cerimonie pagane offerta. La risposta a questa domanda \u00e8 abbastanza semplice: perch\u00e9 prima c&#8217;\u00e8 stata la nostra amicizia e poi eheleite.com. Eheleite.com \u00e8 quindi il simbolo simboleggia la nostra amicizia di lunga data e il [&hellip;]<\/p>\n","protected":false},"author":10,"featured_media":5577,"parent":0,"menu_order":0,"comment_status":"closed","ping_status":"closed","template":"","meta":{"footnotes":""},"class_list":["post-930","page","type-page","status-publish","has-post-thumbnail","hentry"],"_links":{"self":[{"href":"https:\/\/eheleite.com\/it\/wp-json\/wp\/v2\/pages\/930","targetHints":{"allow":["GET"]}}],"collection":[{"href":"https:\/\/eheleite.com\/it\/wp-json\/wp\/v2\/pages"}],"about":[{"href":"https:\/\/eheleite.com\/it\/wp-json\/wp\/v2\/types\/page"}],"author":[{"embeddable":true,"href":"https:\/\/eheleite.com\/it\/wp-json\/wp\/v2\/users\/10"}],"replies":[{"embeddable":true,"href":"https:\/\/eheleite.com\/it\/wp-json\/wp\/v2\/comments?post=930"}],"version-history":[{"count":35,"href":"https:\/\/eheleite.com\/it\/wp-json\/wp\/v2\/pages\/930\/revisions"}],"predecessor-version":[{"id":27330,"href":"https:\/\/eheleite.com\/it\/wp-json\/wp\/v2\/pages\/930\/revisions\/27330"}],"wp:featuredmedia":[{"embeddable":true,"href":"https:\/\/eheleite.com\/it\/wp-json\/wp\/v2\/media\/5577"}],"wp:attachment":[{"href":"https:\/\/eheleite.com\/it\/wp-json\/wp\/v2\/media?parent=930"}],"curies":[{"name":"wp","href":"https:\/\/api.w.org\/{rel}","templated":true}]}}